{"id":1332,"date":"2020-12-02T19:25:11","date_gmt":"2020-12-02T18:25:11","guid":{"rendered":"https:\/\/eozurich.ch\/?page_id=1332"},"modified":"2024-06-30T09:06:26","modified_gmt":"2024-06-30T08:06:26","slug":"blog","status":"publish","type":"page","link":"https:\/\/eozurich.ch\/en\/blog\/","title":{"rendered":"Blog"},"content":{"rendered":"<p>[et_pb_section fb_built=&#8220;1&#8243; admin_label=&#8220;section&#8220; _builder_version=&#8220;4.16&#8243; background_color=&#8220;rgba(119,140,131,0.1)&#8220; custom_padding=&#8220;||||false|false&#8220; locked=&#8220;off&#8220; global_colors_info=&#8220;{}&#8220;][et_pb_row use_custom_gutter=&#8220;on&#8220; gutter_width=&#8220;2&#8243; make_equal=&#8220;on&#8220; admin_label=&#8220;row&#8220; _builder_version=&#8220;4.16&#8243; background_size=&#8220;initial&#8220; background_position=&#8220;top_left&#8220; background_repeat=&#8220;repeat&#8220; width=&#8220;56%&#8220; width_tablet=&#8220;90%&#8220; width_phone=&#8220;90%&#8220; width_last_edited=&#8220;on|tablet&#8220; max_width_tablet=&#8220;90%&#8220; max_width_phone=&#8220;90%&#8220; max_width_last_edited=&#8220;on|desktop&#8220; custom_padding=&#8220;||||false|false&#8220; global_colors_info=&#8220;{}&#8220;][et_pb_column type=&#8220;4_4&#8243; _builder_version=&#8220;4.16&#8243; custom_padding=&#8220;|||&#8220; global_colors_info=&#8220;{}&#8220; custom_padding__hover=&#8220;|||&#8220;][et_pb_text _builder_version=&#8220;4.16&#8243; _module_preset=&#8220;default&#8220; header_font=&#8220;|700|||||||&#8220; header_text_align=&#8220;center&#8220; header_font_size=&#8220;48px&#8220; custom_padding=&#8220;||45px||false|false&#8220; locked=&#8220;off&#8220; global_colors_info=&#8220;{}&#8220;]<\/p>\n<h1>Blog EO Z\u00fcrich<\/h1>\n<p>[\/et_pb_text][et_pb_text _builder_version=&#8220;4.16&#8243; _module_preset=&#8220;7c99301d-ffbd-4ccb-aeaf-f47a16db825c&#8220; text_text_color=&#8220;#515151&#8243; text_font_size=&#8220;17px&#8220; text_line_height=&#8220;1.8em&#8220; width=&#8220;100%&#8220; max_width=&#8220;100%&#8220; locked=&#8220;off&#8220; global_colors_info=&#8220;{}&#8220;]<\/p>\n<p style=\"text-align: center;\">EO Z\u00fcrich teilt interessante Entrepreneurs-Geschichten und vieles mehr mit dir. Erfahre mehr \u00fcber die Success Stories und Learnings unserer Mitglieder und halte dich auf dem Laufenden, was in deinem Netzwerk alles passiert.<\/p>\n<p style=\"text-align: center;\">Hier findest du unsere aktuellen Blogbeitr\u00e4ge.<\/p>\n<p>[\/et_pb_text][\/et_pb_column][\/et_pb_row][et_pb_row use_custom_gutter=&#8220;on&#8220; gutter_width=&#8220;2&#8243; make_equal=&#8220;on&#8220; _builder_version=&#8220;4.16&#8243; _module_preset=&#8220;default&#8220; width=&#8220;90%&#8220; max_width=&#8220;1170px&#8220; custom_padding=&#8220;60px||||false|false&#8220; global_colors_info=&#8220;{}&#8220;][et_pb_column type=&#8220;4_4&#8243; _builder_version=&#8220;4.16&#8243; _module_preset=&#8220;default&#8220; global_colors_info=&#8220;{}&#8220;][et_pb_blog use_manual_excerpt=&#8220;off&#8220; show_more=&#8220;on&#8220; show_excerpt=&#8220;off&#8220; show_pagination=&#8220;on&#8220; module_class=&#8220;pa-blog-equal-height&#8220; _builder_version=&#8220;4.17.6&#8243; _module_preset=&#8220;9bdd45bf-a43b-4e9d-af42-bd247416d704&#8243; read_more_font=&#8220;|600||on|||||&#8220; read_more_text_color=&#8220;#ffffff&#8220; read_more_font_size=&#8220;12px&#8220; pagination_text_color=&#8220;#ff346e&#8220; pagination_font_size=&#8220;16px&#8220; global_colors_info=&#8220;{}&#8220; header_text_color__hover=&#8220;#FF346E&#8220;][\/et_pb_blog][\/et_pb_column][\/et_pb_row][\/et_pb_section]<\/p>\n","protected":false},"excerpt":{"rendered":"<p>Blog EO Z\u00fcrichEO Z\u00fcrich teilt interessante Entrepreneurs-Geschichten und vieles mehr mit dir. Erfahre mehr \u00fcber die Success Stories und Learnings unserer Mitglieder und halte dich auf dem Laufenden, was in deinem Netzwerk alles passiert. Hier findest du unsere aktuellen Blogbeitr\u00e4ge.<\/p>","protected":false},"author":1,"featured_media":0,"parent":0,"menu_order":0,"comment_status":"closed","ping_status":"closed","template":"","meta":{"_et_pb_use_builder":"on","_et_pb_old_content":"","_et_gb_content_width":"","content-type":"","footnotes":""},"class_list":["post-1332","page","type-page","status-publish","hentry"],"aioseo_notices":[],"yoast_head":"<!-- This site is optimized with the Yoast SEO plugin v27.4 - https:\/\/yoast.com\/product\/yoast-seo-wordpress\/ -->\n<title>Blog | EO Z\u00fcrich<\/title>\n<meta name=\"robots\" content=\"index, follow, max-snippet:-1, max-image-preview:large, max-video-preview:-1\" \/>\n<link rel=\"canonical\" href=\"https:\/\/eozurich.ch\/en\/blog\/\" \/>\n<meta property=\"og:locale\" content=\"en_US\" \/>\n<meta property=\"og:type\" content=\"article\" \/>\n<meta property=\"og:title\" content=\"Blog | EO Z\u00fcrich\" \/>\n<meta property=\"og:description\" content=\"Blog EO Z\u00fcrichEO Z\u00fcrich teilt interessante Entrepreneurs-Geschichten und vieles mehr mit dir. Erfahre mehr \u00fcber die Success Stories und Learnings unserer Mitglieder und halte dich auf dem Laufenden, was in deinem Netzwerk alles passiert. Hier findest du unsere aktuellen Blogbeitr\u00e4ge.\" \/>\n<meta property=\"og:url\" content=\"https:\/\/eozurich.ch\/en\/blog\/\" \/>\n<meta property=\"og:site_name\" content=\"EO Z\u00fcrich\" \/>\n<meta property=\"article:modified_time\" content=\"2024-06-30T08:06:26+00:00\" \/>\n<meta property=\"og:image\" content=\"https:\/\/eozurich.ch\/wp-content\/uploads\/2025\/01\/261101979_2136181803214764_7161112726603670394_n.jpg\" \/>\n\t<meta property=\"og:image:width\" content=\"937\" \/>\n\t<meta property=\"og:image:height\" content=\"937\" \/>\n\t<meta property=\"og:image:type\" content=\"image\/jpeg\" \/>\n<meta name=\"twitter:card\" content=\"summary_large_image\" \/>\n<meta name=\"twitter:label1\" content=\"Est. reading time\" \/>\n\t<meta name=\"twitter:data1\" content=\"2 minutes\" \/>\n<script type=\"application\/ld+json\" class=\"yoast-schema-graph\">{\"@context\":\"https:\\\/\\\/schema.org\",\"@graph\":[{\"@type\":\"WebPage\",\"@id\":\"https:\\\/\\\/eozurich.ch\\\/blog\\\/\",\"url\":\"https:\\\/\\\/eozurich.ch\\\/blog\\\/\",\"name\":\"Blog | EO Z\u00fcrich\",\"isPartOf\":{\"@id\":\"https:\\\/\\\/eozurich.ch\\\/#website\"},\"datePublished\":\"2020-12-02T18:25:11+00:00\",\"dateModified\":\"2024-06-30T08:06:26+00:00\",\"breadcrumb\":{\"@id\":\"https:\\\/\\\/eozurich.ch\\\/blog\\\/#breadcrumb\"},\"inLanguage\":\"en-US\",\"potentialAction\":[{\"@type\":\"ReadAction\",\"target\":[\"https:\\\/\\\/eozurich.ch\\\/blog\\\/\"]}]},{\"@type\":\"BreadcrumbList\",\"@id\":\"https:\\\/\\\/eozurich.ch\\\/blog\\\/#breadcrumb\",\"itemListElement\":[{\"@type\":\"ListItem\",\"position\":1,\"name\":\"Home\",\"item\":\"https:\\\/\\\/eozurich.ch\\\/\"},{\"@type\":\"ListItem\",\"position\":2,\"name\":\"Blog\"}]},{\"@type\":\"WebSite\",\"@id\":\"https:\\\/\\\/eozurich.ch\\\/#website\",\"url\":\"https:\\\/\\\/eozurich.ch\\\/\",\"name\":\"EO Zurich\",\"description\":\"Entrepreneurs Organization Z\u00fcrich Switzerland\",\"publisher\":{\"@id\":\"https:\\\/\\\/eozurich.ch\\\/#organization\"},\"alternateName\":\"Entrepreneurs Organization Zurich\",\"potentialAction\":[{\"@type\":\"SearchAction\",\"target\":{\"@type\":\"EntryPoint\",\"urlTemplate\":\"https:\\\/\\\/eozurich.ch\\\/?s={search_term_string}\"},\"query-input\":{\"@type\":\"PropertyValueSpecification\",\"valueRequired\":true,\"valueName\":\"search_term_string\"}}],\"inLanguage\":\"en-US\"},{\"@type\":\"Organization\",\"@id\":\"https:\\\/\\\/eozurich.ch\\\/#organization\",\"name\":\"EO Zurich\",\"url\":\"https:\\\/\\\/eozurich.ch\\\/\",\"logo\":{\"@type\":\"ImageObject\",\"inLanguage\":\"en-US\",\"@id\":\"https:\\\/\\\/eozurich.ch\\\/#\\\/schema\\\/logo\\\/image\\\/\",\"url\":\"https:\\\/\\\/eozurich.ch\\\/wp-content\\\/uploads\\\/2025\\\/01\\\/261101979_2136181803214764_7161112726603670394_n.jpg\",\"contentUrl\":\"https:\\\/\\\/eozurich.ch\\\/wp-content\\\/uploads\\\/2025\\\/01\\\/261101979_2136181803214764_7161112726603670394_n.jpg\",\"width\":937,\"height\":937,\"caption\":\"EO Zurich\"},\"image\":{\"@id\":\"https:\\\/\\\/eozurich.ch\\\/#\\\/schema\\\/logo\\\/image\\\/\"},\"sameAs\":[\"https:\\\/\\\/www.linkedin.com\\\/company\\\/eo-zurich\\\/\"]}]}<\/script>\n<!-- \/ Yoast SEO plugin. -->","yoast_head_json":{"title":"Blog | EO Z\u00fcrich","robots":{"index":"index","follow":"follow","max-snippet":"max-snippet:-1","max-image-preview":"max-image-preview:large","max-video-preview":"max-video-preview:-1"},"canonical":"https:\/\/eozurich.ch\/en\/blog\/","og_locale":"en_US","og_type":"article","og_title":"Blog | EO Z\u00fcrich","og_description":"Blog EO Z\u00fcrichEO Z\u00fcrich teilt interessante Entrepreneurs-Geschichten und vieles mehr mit dir. Erfahre mehr \u00fcber die Success Stories und Learnings unserer Mitglieder und halte dich auf dem Laufenden, was in deinem Netzwerk alles passiert. Hier findest du unsere aktuellen Blogbeitr\u00e4ge.","og_url":"https:\/\/eozurich.ch\/en\/blog\/","og_site_name":"EO Z\u00fcrich","article_modified_time":"2024-06-30T08:06:26+00:00","og_image":[{"width":937,"height":937,"url":"https:\/\/eozurich.ch\/wp-content\/uploads\/2025\/01\/261101979_2136181803214764_7161112726603670394_n.jpg","type":"image\/jpeg"}],"twitter_card":"summary_large_image","twitter_misc":{"Est. reading time":"2 minutes"},"schema":{"@context":"https:\/\/schema.org","@graph":[{"@type":"WebPage","@id":"https:\/\/eozurich.ch\/blog\/","url":"https:\/\/eozurich.ch\/blog\/","name":"Blog | EO Z\u00fcrich","isPartOf":{"@id":"https:\/\/eozurich.ch\/#website"},"datePublished":"2020-12-02T18:25:11+00:00","dateModified":"2024-06-30T08:06:26+00:00","breadcrumb":{"@id":"https:\/\/eozurich.ch\/blog\/#breadcrumb"},"inLanguage":"en-US","potentialAction":[{"@type":"ReadAction","target":["https:\/\/eozurich.ch\/blog\/"]}]},{"@type":"BreadcrumbList","@id":"https:\/\/eozurich.ch\/blog\/#breadcrumb","itemListElement":[{"@type":"ListItem","position":1,"name":"Home","item":"https:\/\/eozurich.ch\/"},{"@type":"ListItem","position":2,"name":"Blog"}]},{"@type":"WebSite","@id":"https:\/\/eozurich.ch\/#website","url":"https:\/\/eozurich.ch\/","name":"EO Zurich","description":"Entrepreneurs Organization Z\u00fcrich Switzerland","publisher":{"@id":"https:\/\/eozurich.ch\/#organization"},"alternateName":"Entrepreneurs Organization Zurich","potentialAction":[{"@type":"SearchAction","target":{"@type":"EntryPoint","urlTemplate":"https:\/\/eozurich.ch\/?s={search_term_string}"},"query-input":{"@type":"PropertyValueSpecification","valueRequired":true,"valueName":"search_term_string"}}],"inLanguage":"en-US"},{"@type":"Organization","@id":"https:\/\/eozurich.ch\/#organization","name":"EO Zurich","url":"https:\/\/eozurich.ch\/","logo":{"@type":"ImageObject","inLanguage":"en-US","@id":"https:\/\/eozurich.ch\/#\/schema\/logo\/image\/","url":"https:\/\/eozurich.ch\/wp-content\/uploads\/2025\/01\/261101979_2136181803214764_7161112726603670394_n.jpg","contentUrl":"https:\/\/eozurich.ch\/wp-content\/uploads\/2025\/01\/261101979_2136181803214764_7161112726603670394_n.jpg","width":937,"height":937,"caption":"EO Zurich"},"image":{"@id":"https:\/\/eozurich.ch\/#\/schema\/logo\/image\/"},"sameAs":["https:\/\/www.linkedin.com\/company\/eo-zurich\/"]}]}},"_links":{"self":[{"href":"https:\/\/eozurich.ch\/en\/wp-json\/wp\/v2\/pages\/1332","targetHints":{"allow":["GET"]}}],"collection":[{"href":"https:\/\/eozurich.ch\/en\/wp-json\/wp\/v2\/pages"}],"about":[{"href":"https:\/\/eozurich.ch\/en\/wp-json\/wp\/v2\/types\/page"}],"author":[{"embeddable":true,"href":"https:\/\/eozurich.ch\/en\/wp-json\/wp\/v2\/users\/1"}],"replies":[{"embeddable":true,"href":"https:\/\/eozurich.ch\/en\/wp-json\/wp\/v2\/comments?post=1332"}],"version-history":[{"count":5,"href":"https:\/\/eozurich.ch\/en\/wp-json\/wp\/v2\/pages\/1332\/revisions"}],"predecessor-version":[{"id":3646,"href":"https:\/\/eozurich.ch\/en\/wp-json\/wp\/v2\/pages\/1332\/revisions\/3646"}],"wp:attachment":[{"href":"https:\/\/eozurich.ch\/en\/wp-json\/wp\/v2\/media?parent=1332"}],"curies":[{"name":"wp","href":"https:\/\/api.w.org\/{rel}","templated":true}]}}