{"id":250,"date":"2020-08-05T05:45:44","date_gmt":"2020-08-05T05:45:44","guid":{"rendered":"http:\/\/p10070.projects.nimbo.cloud\/?page_id=250"},"modified":"2022-08-11T09:32:54","modified_gmt":"2022-08-11T08:32:54","slug":"contact","status":"publish","type":"page","link":"https:\/\/eozurich.ch\/en\/contact\/","title":{"rendered":"Contact"},"content":{"rendered":"<p>[et_pb_section fb_built=&#8220;1&#8243; _builder_version=&#8220;4.17.6&#8243; custom_padding=&#8220;||206px||false|false&#8220; hover_enabled=&#8220;0&#8243; locked=&#8220;off&#8220; global_colors_info=&#8220;{}&#8220; background_color=&#8220;rgba(119,140,131,0.1)&#8220; sticky_enabled=&#8220;0&#8243;][et_pb_row use_custom_gutter=&#8220;on&#8220; gutter_width=&#8220;2&#8243; make_equal=&#8220;on&#8220; admin_label=&#8220;row&#8220; _builder_version=&#8220;4.16&#8243; background_size=&#8220;initial&#8220; background_position=&#8220;top_left&#8220; background_repeat=&#8220;repeat&#8220; width=&#8220;56%&#8220; width_tablet=&#8220;90%&#8220; width_phone=&#8220;90%&#8220; width_last_edited=&#8220;on|tablet&#8220; max_width_tablet=&#8220;90%&#8220; max_width_phone=&#8220;90%&#8220; max_width_last_edited=&#8220;on|desktop&#8220; custom_padding=&#8220;||||false|false&#8220; global_colors_info=&#8220;{}&#8220;][et_pb_column type=&#8220;4_4&#8243; _builder_version=&#8220;4.16&#8243; custom_padding=&#8220;|||&#8220; global_colors_info=&#8220;{}&#8220; custom_padding__hover=&#8220;|||&#8220;][et_pb_text _builder_version=&#8220;4.16&#8243; _module_preset=&#8220;default&#8220; header_font=&#8220;|700|||||||&#8220; header_text_align=&#8220;center&#8220; header_font_size=&#8220;48px&#8220; header_line_height=&#8220;1.2em&#8220; custom_padding=&#8220;||45px||false|false&#8220; header_font_size_tablet=&#8220;&#8220; header_font_size_phone=&#8220;&#8220; header_font_size_last_edited=&#8220;on|phone&#8220; locked=&#8220;off&#8220; global_colors_info=&#8220;{}&#8220;]<\/p>\n<h1>Wir freuen uns auf den Austausch mit dir!<\/h1>\n<p>[\/et_pb_text][et_pb_text _builder_version=&#8220;4.16&#8243; _module_preset=&#8220;7c99301d-ffbd-4ccb-aeaf-f47a16db825c&#8220; text_text_color=&#8220;#515151&#8243; text_font_size=&#8220;17px&#8220; text_line_height=&#8220;1.8em&#8220; width=&#8220;100%&#8220; max_width=&#8220;100%&#8220; locked=&#8220;off&#8220; global_colors_info=&#8220;{}&#8220;]<\/p>\n<p style=\"text-align: center;\">Hast du Fragen zum EO Netzwerk?<br \/>M\u00f6chtest du unverbindlich \u00fcber eine EO Mitgliedschaft sprechen?<br \/>Bist du interessiert, Sponsor von EO zu werden?<br \/>Hast du eine M\u00f6glichkeit zur Zusammenarbeit entdeckt?<\/p>\n<p style=\"text-align: center;\">\n<p>[\/et_pb_text][et_pb_text _builder_version=&#8220;4.16&#8243; _module_preset=&#8220;1874dd08-28a9-48d1-9ace-fdae695e44b7&#8243; text_font=&#8220;|700|||||||&#8220; text_text_color=&#8220;#222&#8243; text_font_size=&#8220;24px&#8220; text_line_height=&#8220;1.8em&#8220; locked=&#8220;off&#8220; global_colors_info=&#8220;{}&#8220;]<\/p>\n<p style=\"text-align: center;\">Nimm gern Kontakt auf &#8211; und schreib uns eine Nachricht:<\/p>\n<p>[\/et_pb_text][\/et_pb_column][\/et_pb_row][\/et_pb_section][et_pb_section fb_built=&#8220;1&#8243; _builder_version=&#8220;4.16&#8243; background_color=&#8220;#ef3139&#8243; background_image=&#8220;https:\/\/eozurich.ch\/wp-content\/uploads\/2020\/08\/Virtual-background_C.png&#8220; custom_padding=&#8220;1px||150px||false|false&#8220; locked=&#8220;off&#8220; global_colors_info=&#8220;{}&#8220;][et_pb_row column_structure=&#8220;2_3,1_3&#8243; use_custom_gutter=&#8220;on&#8220; gutter_width=&#8220;2&#8243; make_equal=&#8220;on&#8220; custom_padding_last_edited=&#8220;on|phone&#8220; _builder_version=&#8220;4.16&#8243; background_color=&#8220;#ffffff&#8220; z_index=&#8220;224&#8243; width=&#8220;90%&#8220; width_tablet=&#8220;90%&#8220; width_phone=&#8220;90%&#8220; width_last_edited=&#8220;on|tablet&#8220; max_width=&#8220;1170px&#8220; max_width_tablet=&#8220;90%&#8220; max_width_phone=&#8220;90%&#8220; max_width_last_edited=&#8220;on|desktop&#8220; custom_margin=&#8220;-110px||||false|false&#8220; custom_padding=&#8220;50px|50px|50px|50px|true|true&#8220; custom_padding_tablet=&#8220;&#8220; custom_padding_phone=&#8220;40px|25px|40px|25px|true|true&#8220; border_radii=&#8220;on|5px|5px|5px|5px&#8220; box_shadow_style=&#8220;preset1&#8243; box_shadow_vertical=&#8220;21px&#8220; box_shadow_blur=&#8220;80px&#8220; box_shadow_color=&#8220;rgba(86,86,86,0.3)&#8220; global_colors_info=&#8220;{}&#8220;][et_pb_column type=&#8220;2_3&#8243; _builder_version=&#8220;4.16&#8243; global_colors_info=&#8220;{}&#8220;][et_pb_contact_form captcha=&#8220;off&#8220; email=&#8220;administrator@eozurich.ch&#8220; title=&#8220;Sende uns eine Nachricht&#8220; custom_message=&#8220;contact form||et_pb_line_break_holder||||et_pb_line_break_holder||%%name%% %%surname%%||et_pb_line_break_holder||%%phone%%||et_pb_line_break_holder||%%email%%||et_pb_line_break_holder||||et_pb_line_break_holder||%%message%%&#8220; success_message=&#8220;Vielen Dank f\u00fcr deine Kontaktaufnahme. Wir werden uns bei dir innerhalb 2 Arbeitstage melden.&#8220; submit_button_text=&#8220;SENDEN&#8220; _builder_version=&#8220;4.16&#8243; _unique_id=&#8220;41f3dd4b-e548-4674-8a2b-eeeac84e76c9&#8243; form_field_background_color=&#8220;#F6F6F6&#8243; form_field_text_color=&#8220;#636363&#8243; form_field_focus_background_color=&#8220;#F6F6F6&#8243; form_field_focus_text_color=&#8220;#515151&#8243; form_field_custom_margin=&#8220;14px||14px||true|false&#8220; form_field_custom_padding=&#8220;17px||17px|16px|true|false&#8220; title_font=&#8220;Open Sans|600|||||||&#8220; title_text_align=&#8220;left&#8220; title_text_color=&#8220;#515151&#8243; title_font_size=&#8220;30px&#8220; title_letter_spacing=&#8220;-1px&#8220; title_line_height=&#8220;0.9em&#8220; form_field_font=&#8220;Archivo||||||||&#8220; form_field_font_size=&#8220;14px&#8220; background_color=&#8220;#ffffff&#8220; custom_button=&#8220;on&#8220; button_text_size=&#8220;16px&#8220; button_text_color=&#8220;#ffffff&#8220; button_bg_color=&#8220;#ff346e&#8220; button_border_width=&#8220;0px&#8220; button_border_color=&#8220;#022d62&#8243; button_border_radius=&#8220;40px&#8220; button_font=&#8220;Open Sans|||on|||||&#8220; button_use_icon=&#8220;off&#8220; button_custom_margin=&#8220;9px||||false|false&#8220; button_custom_padding=&#8220;14px|40px|14px|40px|true|false&#8220; custom_padding=&#8220;||||false|false&#8220; title_font_size_tablet=&#8220;&#8220; title_font_size_phone=&#8220;20px&#8220; title_font_size_last_edited=&#8220;on|phone&#8220; border_radii=&#8220;on|4px|4px|4px|4px&#8220; border_width_all=&#8220;1px&#8220; border_color_all=&#8220;#EEEEEE&#8220; global_colors_info=&#8220;{}&#8220; button_text_color__hover_enabled=&#8220;on|hover&#8220; button_text_color__hover=&#8220;#ffffff&#8220; button_bg_color__hover_enabled=&#8220;on|desktop&#8220; button_bg_color__hover=&#8220;#A32246&#8243; button_bg_enable_color__hover=&#8220;on&#8220; button_border_color__hover_enabled=&#8220;on|hover&#8220; button_border_color__hover=&#8220;#ef3139&#8243; button_letter_spacing__hover_enabled=&#8220;on|hover&#8220; button_letter_spacing__hover=&#8220;0px&#8220;][et_pb_contact_field field_id=&#8220;Name&#8220; field_title=&#8220;Dein Vorname&#8220; _builder_version=&#8220;4.16&#8243; form_field_focus_text_color=&#8220;#515151&#8243; form_field_font=&#8220;Open Sans||||||||&#8220; global_colors_info=&#8220;{}&#8220; button_text_size__hover_enabled=&#8220;off&#8220; button_one_text_size__hover_enabled=&#8220;off&#8220; button_two_text_size__hover_enabled=&#8220;off&#8220; button_text_color__hover_enabled=&#8220;off&#8220; button_one_text_color__hover_enabled=&#8220;off&#8220; button_two_text_color__hover_enabled=&#8220;off&#8220; button_border_width__hover_enabled=&#8220;off&#8220; button_one_border_width__hover_enabled=&#8220;off&#8220; button_two_border_width__hover_enabled=&#8220;off&#8220; button_border_color__hover_enabled=&#8220;off&#8220; button_one_border_color__hover_enabled=&#8220;off&#8220; button_two_border_color__hover_enabled=&#8220;off&#8220; button_border_radius__hover_enabled=&#8220;off&#8220; button_one_border_radius__hover_enabled=&#8220;off&#8220; button_two_border_radius__hover_enabled=&#8220;off&#8220; button_letter_spacing__hover_enabled=&#8220;off&#8220; button_one_letter_spacing__hover_enabled=&#8220;off&#8220; button_two_letter_spacing__hover_enabled=&#8220;off&#8220; button_bg_color__hover_enabled=&#8220;off&#8220; button_one_bg_color__hover_enabled=&#8220;off&#8220; button_two_bg_color__hover_enabled=&#8220;off&#8220;][\/et_pb_contact_field][et_pb_contact_field field_id=&#8220;Surname&#8220; field_title=&#8220;Dein Nachname&#8220; _builder_version=&#8220;4.16&#8243; form_field_focus_text_color=&#8220;#515151&#8243; form_field_font=&#8220;Open Sans||||||||&#8220; global_colors_info=&#8220;{}&#8220; button_text_size__hover_enabled=&#8220;off&#8220; button_one_text_size__hover_enabled=&#8220;off&#8220; button_two_text_size__hover_enabled=&#8220;off&#8220; button_text_color__hover_enabled=&#8220;off&#8220; button_one_text_color__hover_enabled=&#8220;off&#8220; button_two_text_color__hover_enabled=&#8220;off&#8220; button_border_width__hover_enabled=&#8220;off&#8220; button_one_border_width__hover_enabled=&#8220;off&#8220; button_two_border_width__hover_enabled=&#8220;off&#8220; button_border_color__hover_enabled=&#8220;off&#8220; button_one_border_color__hover_enabled=&#8220;off&#8220; button_two_border_color__hover_enabled=&#8220;off&#8220; button_border_radius__hover_enabled=&#8220;off&#8220; button_one_border_radius__hover_enabled=&#8220;off&#8220; button_two_border_radius__hover_enabled=&#8220;off&#8220; button_letter_spacing__hover_enabled=&#8220;off&#8220; button_one_letter_spacing__hover_enabled=&#8220;off&#8220; button_two_letter_spacing__hover_enabled=&#8220;off&#8220; button_bg_color__hover_enabled=&#8220;off&#8220; button_one_bg_color__hover_enabled=&#8220;off&#8220; button_two_bg_color__hover_enabled=&#8220;off&#8220;][\/et_pb_contact_field][et_pb_contact_field field_id=&#8220;Company&#8220; field_title=&#8220;Deine Firma&#8220; fullwidth_field=&#8220;on&#8220; _builder_version=&#8220;4.16&#8243; _module_preset=&#8220;default&#8220; global_colors_info=&#8220;{}&#8220;][\/et_pb_contact_field][et_pb_contact_field field_id=&#8220;Email&#8220; field_title=&#8220;Deine Email-Adresse&#8220; field_type=&#8220;email&#8220; fullwidth_field=&#8220;on&#8220; _builder_version=&#8220;4.16&#8243; form_field_focus_text_color=&#8220;#515151&#8243; form_field_font=&#8220;Open Sans||||||||&#8220; global_colors_info=&#8220;{}&#8220; button_text_size__hover_enabled=&#8220;off&#8220; button_one_text_size__hover_enabled=&#8220;off&#8220; button_two_text_size__hover_enabled=&#8220;off&#8220; button_text_color__hover_enabled=&#8220;off&#8220; button_one_text_color__hover_enabled=&#8220;off&#8220; button_two_text_color__hover_enabled=&#8220;off&#8220; button_border_width__hover_enabled=&#8220;off&#8220; button_one_border_width__hover_enabled=&#8220;off&#8220; button_two_border_width__hover_enabled=&#8220;off&#8220; button_border_color__hover_enabled=&#8220;off&#8220; button_one_border_color__hover_enabled=&#8220;off&#8220; button_two_border_color__hover_enabled=&#8220;off&#8220; button_border_radius__hover_enabled=&#8220;off&#8220; button_one_border_radius__hover_enabled=&#8220;off&#8220; button_two_border_radius__hover_enabled=&#8220;off&#8220; button_letter_spacing__hover_enabled=&#8220;off&#8220; button_one_letter_spacing__hover_enabled=&#8220;off&#8220; button_two_letter_spacing__hover_enabled=&#8220;off&#8220; button_bg_color__hover_enabled=&#8220;off&#8220; button_one_bg_color__hover_enabled=&#8220;off&#8220; button_two_bg_color__hover_enabled=&#8220;off&#8220;][\/et_pb_contact_field][et_pb_contact_field field_id=&#8220;phone&#8220; field_title=&#8220;Deine Telefon-Nummer&#8220; fullwidth_field=&#8220;on&#8220; _builder_version=&#8220;4.16&#8243; form_field_focus_text_color=&#8220;#515151&#8243; form_field_font=&#8220;Open Sans||||||||&#8220; global_colors_info=&#8220;{}&#8220;][\/et_pb_contact_field][et_pb_contact_field field_id=&#8220;Website&#8220; field_title=&#8220;Deine Website&#8220; fullwidth_field=&#8220;on&#8220; _builder_version=&#8220;4.16&#8243; _module_preset=&#8220;default&#8220; global_colors_info=&#8220;{}&#8220;][\/et_pb_contact_field][et_pb_contact_field field_id=&#8220;Message&#8220; field_title=&#8220;Deine Nachricht&#8220; field_type=&#8220;text&#8220; fullwidth_field=&#8220;on&#8220; _builder_version=&#8220;4.16&#8243; form_field_focus_text_color=&#8220;#515151&#8243; form_field_font=&#8220;Open Sans||||||||&#8220; global_colors_info=&#8220;{}&#8220; button_text_size__hover_enabled=&#8220;off&#8220; button_one_text_size__hover_enabled=&#8220;off&#8220; button_two_text_size__hover_enabled=&#8220;off&#8220; button_text_color__hover_enabled=&#8220;off&#8220; button_one_text_color__hover_enabled=&#8220;off&#8220; button_two_text_color__hover_enabled=&#8220;off&#8220; button_border_width__hover_enabled=&#8220;off&#8220; button_one_border_width__hover_enabled=&#8220;off&#8220; button_two_border_width__hover_enabled=&#8220;off&#8220; button_border_color__hover_enabled=&#8220;off&#8220; button_one_border_color__hover_enabled=&#8220;off&#8220; button_two_border_color__hover_enabled=&#8220;off&#8220; button_border_radius__hover_enabled=&#8220;off&#8220; button_one_border_radius__hover_enabled=&#8220;off&#8220; button_two_border_radius__hover_enabled=&#8220;off&#8220; button_letter_spacing__hover_enabled=&#8220;off&#8220; button_one_letter_spacing__hover_enabled=&#8220;off&#8220; button_two_letter_spacing__hover_enabled=&#8220;off&#8220; button_bg_color__hover_enabled=&#8220;off&#8220; button_one_bg_color__hover_enabled=&#8220;off&#8220; button_two_bg_color__hover_enabled=&#8220;off&#8220;][\/et_pb_contact_field][\/et_pb_contact_form][\/et_pb_column][et_pb_column type=&#8220;1_3&#8243; _builder_version=&#8220;4.16&#8243; border_radii=&#8220;on|5px|5px|5px|5px&#8220; global_colors_info=&#8220;{}&#8220;][et_pb_image src=&#8220;https:\/\/eozurich.ch\/wp-content\/uploads\/2020\/08\/Contact.png&#8220; title_text=&#8220;Contact&#8220; src_tablet=&#8220;&#8220; src_phone=&#8220;&#8220; src_last_edited=&#8220;on|phone&#8220; _builder_version=&#8220;4.16&#8243; _module_preset=&#8220;default&#8220; global_colors_info=&#8220;{}&#8220;][\/et_pb_image][\/et_pb_column][\/et_pb_row][\/et_pb_section]<\/p>\n","protected":false},"excerpt":{"rendered":"<p>Wir freuen uns auf den Austausch mit dir!Hast du Fragen zum EO Netzwerk?M\u00f6chtest du unverbindlich \u00fcber eine EO Mitgliedschaft sprechen?Bist du interessiert, Sponsor von EO zu werden?Hast du eine M\u00f6glichkeit zur Zusammenarbeit entdeckt? Nimm gern Kontakt auf &#8211; und schreib uns eine Nachricht:<\/p>","protected":false},"author":1,"featured_media":0,"parent":0,"menu_order":0,"comment_status":"closed","ping_status":"closed","template":"","meta":{"_et_pb_use_builder":"on","_et_pb_old_content":"","_et_gb_content_width":"","content-type":"","footnotes":""},"class_list":["post-250","page","type-page","status-publish","hentry"],"aioseo_notices":[],"yoast_head":"<!-- This site is optimized with the Yoast SEO plugin v27.4 - https:\/\/yoast.com\/product\/yoast-seo-wordpress\/ -->\n<title>Contact | EO Z\u00fcrich<\/title>\n<meta name=\"robots\" content=\"index, follow, max-snippet:-1, max-image-preview:large, max-video-preview:-1\" \/>\n<link rel=\"canonical\" href=\"https:\/\/eozurich.ch\/en\/contact\/\" \/>\n<meta property=\"og:locale\" content=\"en_US\" \/>\n<meta property=\"og:type\" content=\"article\" \/>\n<meta property=\"og:title\" content=\"Contact | EO Z\u00fcrich\" \/>\n<meta property=\"og:description\" content=\"Wir freuen uns auf den Austausch mit dir!Hast du Fragen zum EO Netzwerk?M\u00f6chtest du unverbindlich \u00fcber eine EO Mitgliedschaft sprechen?Bist du interessiert, Sponsor von EO zu werden?Hast du eine M\u00f6glichkeit zur Zusammenarbeit entdeckt? Nimm gern Kontakt auf - und schreib uns eine Nachricht:\" \/>\n<meta property=\"og:url\" content=\"https:\/\/eozurich.ch\/en\/contact\/\" \/>\n<meta property=\"og:site_name\" content=\"EO Z\u00fcrich\" \/>\n<meta property=\"article:modified_time\" content=\"2022-08-11T08:32:54+00:00\" \/>\n<meta property=\"og:image\" content=\"https:\/\/eozurich.ch\/wp-content\/uploads\/2025\/01\/261101979_2136181803214764_7161112726603670394_n.jpg\" \/>\n\t<meta property=\"og:image:width\" content=\"937\" \/>\n\t<meta property=\"og:image:height\" content=\"937\" \/>\n\t<meta property=\"og:image:type\" content=\"image\/jpeg\" \/>\n<meta name=\"twitter:card\" content=\"summary_large_image\" \/>\n<meta name=\"twitter:label1\" content=\"Est. reading time\" \/>\n\t<meta name=\"twitter:data1\" content=\"8 minutes\" \/>\n<script type=\"application\/ld+json\" class=\"yoast-schema-graph\">{\"@context\":\"https:\\\/\\\/schema.org\",\"@graph\":[{\"@type\":\"WebPage\",\"@id\":\"https:\\\/\\\/eozurich.ch\\\/en\\\/contact\\\/\",\"url\":\"https:\\\/\\\/eozurich.ch\\\/en\\\/contact\\\/\",\"name\":\"Contact | EO Z\u00fcrich\",\"isPartOf\":{\"@id\":\"https:\\\/\\\/eozurich.ch\\\/#website\"},\"datePublished\":\"2020-08-05T05:45:44+00:00\",\"dateModified\":\"2022-08-11T08:32:54+00:00\",\"breadcrumb\":{\"@id\":\"https:\\\/\\\/eozurich.ch\\\/en\\\/contact\\\/#breadcrumb\"},\"inLanguage\":\"en-US\",\"potentialAction\":[{\"@type\":\"ReadAction\",\"target\":[\"https:\\\/\\\/eozurich.ch\\\/en\\\/contact\\\/\"]}]},{\"@type\":\"BreadcrumbList\",\"@id\":\"https:\\\/\\\/eozurich.ch\\\/en\\\/contact\\\/#breadcrumb\",\"itemListElement\":[{\"@type\":\"ListItem\",\"position\":1,\"name\":\"Home\",\"item\":\"https:\\\/\\\/eozurich.ch\\\/\"},{\"@type\":\"ListItem\",\"position\":2,\"name\":\"Contact\"}]},{\"@type\":\"WebSite\",\"@id\":\"https:\\\/\\\/eozurich.ch\\\/#website\",\"url\":\"https:\\\/\\\/eozurich.ch\\\/\",\"name\":\"EO Zurich\",\"description\":\"Entrepreneurs Organization Z\u00fcrich Switzerland\",\"publisher\":{\"@id\":\"https:\\\/\\\/eozurich.ch\\\/#organization\"},\"alternateName\":\"Entrepreneurs Organization Zurich\",\"potentialAction\":[{\"@type\":\"SearchAction\",\"target\":{\"@type\":\"EntryPoint\",\"urlTemplate\":\"https:\\\/\\\/eozurich.ch\\\/?s={search_term_string}\"},\"query-input\":{\"@type\":\"PropertyValueSpecification\",\"valueRequired\":true,\"valueName\":\"search_term_string\"}}],\"inLanguage\":\"en-US\"},{\"@type\":\"Organization\",\"@id\":\"https:\\\/\\\/eozurich.ch\\\/#organization\",\"name\":\"EO Zurich\",\"url\":\"https:\\\/\\\/eozurich.ch\\\/\",\"logo\":{\"@type\":\"ImageObject\",\"inLanguage\":\"en-US\",\"@id\":\"https:\\\/\\\/eozurich.ch\\\/#\\\/schema\\\/logo\\\/image\\\/\",\"url\":\"https:\\\/\\\/eozurich.ch\\\/wp-content\\\/uploads\\\/2025\\\/01\\\/261101979_2136181803214764_7161112726603670394_n.jpg\",\"contentUrl\":\"https:\\\/\\\/eozurich.ch\\\/wp-content\\\/uploads\\\/2025\\\/01\\\/261101979_2136181803214764_7161112726603670394_n.jpg\",\"width\":937,\"height\":937,\"caption\":\"EO Zurich\"},\"image\":{\"@id\":\"https:\\\/\\\/eozurich.ch\\\/#\\\/schema\\\/logo\\\/image\\\/\"},\"sameAs\":[\"https:\\\/\\\/www.linkedin.com\\\/company\\\/eo-zurich\\\/\"]}]}<\/script>\n<!-- \/ Yoast SEO plugin. -->","yoast_head_json":{"title":"Contact | EO Z\u00fcrich","robots":{"index":"index","follow":"follow","max-snippet":"max-snippet:-1","max-image-preview":"max-image-preview:large","max-video-preview":"max-video-preview:-1"},"canonical":"https:\/\/eozurich.ch\/en\/contact\/","og_locale":"en_US","og_type":"article","og_title":"Contact | EO Z\u00fcrich","og_description":"Wir freuen uns auf den Austausch mit dir!Hast du Fragen zum EO Netzwerk?M\u00f6chtest du unverbindlich \u00fcber eine EO Mitgliedschaft sprechen?Bist du interessiert, Sponsor von EO zu werden?Hast du eine M\u00f6glichkeit zur Zusammenarbeit entdeckt? Nimm gern Kontakt auf - und schreib uns eine Nachricht:","og_url":"https:\/\/eozurich.ch\/en\/contact\/","og_site_name":"EO Z\u00fcrich","article_modified_time":"2022-08-11T08:32:54+00:00","og_image":[{"width":937,"height":937,"url":"https:\/\/eozurich.ch\/wp-content\/uploads\/2025\/01\/261101979_2136181803214764_7161112726603670394_n.jpg","type":"image\/jpeg"}],"twitter_card":"summary_large_image","twitter_misc":{"Est. reading time":"8 minutes"},"schema":{"@context":"https:\/\/schema.org","@graph":[{"@type":"WebPage","@id":"https:\/\/eozurich.ch\/en\/contact\/","url":"https:\/\/eozurich.ch\/en\/contact\/","name":"Contact | EO Z\u00fcrich","isPartOf":{"@id":"https:\/\/eozurich.ch\/#website"},"datePublished":"2020-08-05T05:45:44+00:00","dateModified":"2022-08-11T08:32:54+00:00","breadcrumb":{"@id":"https:\/\/eozurich.ch\/en\/contact\/#breadcrumb"},"inLanguage":"en-US","potentialAction":[{"@type":"ReadAction","target":["https:\/\/eozurich.ch\/en\/contact\/"]}]},{"@type":"BreadcrumbList","@id":"https:\/\/eozurich.ch\/en\/contact\/#breadcrumb","itemListElement":[{"@type":"ListItem","position":1,"name":"Home","item":"https:\/\/eozurich.ch\/"},{"@type":"ListItem","position":2,"name":"Contact"}]},{"@type":"WebSite","@id":"https:\/\/eozurich.ch\/#website","url":"https:\/\/eozurich.ch\/","name":"EO Zurich","description":"Entrepreneurs Organization Z\u00fcrich Switzerland","publisher":{"@id":"https:\/\/eozurich.ch\/#organization"},"alternateName":"Entrepreneurs Organization Zurich","potentialAction":[{"@type":"SearchAction","target":{"@type":"EntryPoint","urlTemplate":"https:\/\/eozurich.ch\/?s={search_term_string}"},"query-input":{"@type":"PropertyValueSpecification","valueRequired":true,"valueName":"search_term_string"}}],"inLanguage":"en-US"},{"@type":"Organization","@id":"https:\/\/eozurich.ch\/#organization","name":"EO Zurich","url":"https:\/\/eozurich.ch\/","logo":{"@type":"ImageObject","inLanguage":"en-US","@id":"https:\/\/eozurich.ch\/#\/schema\/logo\/image\/","url":"https:\/\/eozurich.ch\/wp-content\/uploads\/2025\/01\/261101979_2136181803214764_7161112726603670394_n.jpg","contentUrl":"https:\/\/eozurich.ch\/wp-content\/uploads\/2025\/01\/261101979_2136181803214764_7161112726603670394_n.jpg","width":937,"height":937,"caption":"EO Zurich"},"image":{"@id":"https:\/\/eozurich.ch\/#\/schema\/logo\/image\/"},"sameAs":["https:\/\/www.linkedin.com\/company\/eo-zurich\/"]}]}},"_links":{"self":[{"href":"https:\/\/eozurich.ch\/en\/wp-json\/wp\/v2\/pages\/250","targetHints":{"allow":["GET"]}}],"collection":[{"href":"https:\/\/eozurich.ch\/en\/wp-json\/wp\/v2\/pages"}],"about":[{"href":"https:\/\/eozurich.ch\/en\/wp-json\/wp\/v2\/types\/page"}],"author":[{"embeddable":true,"href":"https:\/\/eozurich.ch\/en\/wp-json\/wp\/v2\/users\/1"}],"replies":[{"embeddable":true,"href":"https:\/\/eozurich.ch\/en\/wp-json\/wp\/v2\/comments?post=250"}],"version-history":[{"count":5,"href":"https:\/\/eozurich.ch\/en\/wp-json\/wp\/v2\/pages\/250\/revisions"}],"predecessor-version":[{"id":3180,"href":"https:\/\/eozurich.ch\/en\/wp-json\/wp\/v2\/pages\/250\/revisions\/3180"}],"wp:attachment":[{"href":"https:\/\/eozurich.ch\/en\/wp-json\/wp\/v2\/media?parent=250"}],"curies":[{"name":"wp","href":"https:\/\/api.w.org\/{rel}","templated":true}]}}