{"id":4031,"date":"2026-03-15T22:47:12","date_gmt":"2026-03-15T21:47:12","guid":{"rendered":"https:\/\/eozurich.ch\/?page_id=4031"},"modified":"2026-03-16T17:59:40","modified_gmt":"2026-03-16T16:59:40","slug":"join","status":"publish","type":"page","link":"https:\/\/eozurich.ch\/en\/join\/","title":{"rendered":"Mitgliederantrag"},"content":{"rendered":"<p>[et_pb_section fb_built=&#8220;1&#8243; _builder_version=&#8220;4.27.5&#8243; _module_preset=&#8220;default&#8220; custom_padding=&#8220;0px|0px|0px|0px|false|false&#8220; global_colors_info=&#8220;{}&#8220;][et_pb_row _builder_version=&#8220;4.27.5&#8243; _module_preset=&#8220;default&#8220; max_width=&#8220;680px&#8220; global_colors_info=&#8220;{}&#8220;][et_pb_column type=&#8220;4_4&#8243; _builder_version=&#8220;4.27.5&#8243; _module_preset=&#8220;default&#8220; global_colors_info=&#8220;{}&#8220;][et_pb_code _builder_version=&#8220;4.27.5&#8243; _module_preset=&#8220;default&#8220; custom_padding=&#8220;0px|||||&#8220; global_colors_info=&#8220;{}&#8220;]<link href=\"https:\/\/fonts.googleapis.com\/css2?family=Roboto:wght@300;400;600;700&#038;display=swap\" rel=\"stylesheet\"><!-- [et_pb_line_break_holder] --><!-- [et_pb_line_break_holder] --><\/p>\n<div style=\"max-width:680px;margin:0 auto;font-family:'Roboto',sans-serif;\"><!-- [et_pb_line_break_holder] --><!-- [et_pb_line_break_holder] -->  <\/p>\n<div style=\"background:#0C0C31;padding:40px 40px 32px;text-align:center;border-radius:6px 6px 0 0;\"><!-- [et_pb_line_break_holder] -->    <\/p>\n<div style=\"font-size:11px;font-weight:400;color:rgba(255,255,255,0.55);letter-spacing:3px;text-transform:uppercase;margin-bottom:10px;\">Entrepreneurs&#8216; Organization \u00b7 Z\u00fcrich<\/div>\n<p><!-- [et_pb_line_break_holder] -->    <\/p>\n<div style=\"font-size:30px;font-weight:700;color:#fff;margin-bottom:8px;line-height:1.2;\">Mitgliederantrag<\/div>\n<p><!-- [et_pb_line_break_holder] -->    <\/p>\n<div style=\"font-size:13px;color:#A3A7E4;font-weight:300;\">Exklusiv f\u00fcr Unternehmer:innen mit einem Jahresumsatz ab CHF 1 Million<\/div>\n<p><!-- [et_pb_line_break_holder] -->  <\/div>\n<p><!-- [et_pb_line_break_holder] --><!-- [et_pb_line_break_holder] -->  <\/p>\n<div style=\"background:#1D007F;border-left:1px solid #3D46F2;border-right:1px solid #3D46F2;padding:12px 40px;display:flex;gap:20px;justify-content:center;flex-wrap:wrap;\"><!-- [et_pb_line_break_holder] -->    <\/p>\n<div style=\"font-size:11px;color:#A3A7E4;font-weight:500;display:flex;align-items:center;gap:6px;\"><!-- [et_pb_line_break_holder] -->      <\/p>\n<div style=\"width:6px;height:6px;background:#3D46F2;border-radius:50%;\"><\/div>\n<p>18,000+ Mitglieder weltweit<!-- [et_pb_line_break_holder] -->    <\/div>\n<p><!-- [et_pb_line_break_holder] -->    <\/p>\n<div style=\"font-size:11px;color:#A3A7E4;font-weight:500;display:flex;align-items:center;gap:6px;\"><!-- [et_pb_line_break_holder] -->      <\/p>\n<div style=\"width:6px;height:6px;background:#3D46F2;border-radius:50%;\"><\/div>\n<p>220+ Chapters in 75+ L\u00e4ndern<!-- [et_pb_line_break_holder] -->    <\/div>\n<p><!-- [et_pb_line_break_holder] -->    <\/p>\n<div style=\"font-size:11px;color:#A3A7E4;font-weight:500;display:flex;align-items:center;gap:6px;\"><!-- [et_pb_line_break_holder] -->      <\/p>\n<div style=\"width:6px;height:6px;background:#3D46F2;border-radius:50%;\"><\/div>\n<p>Vertrauliches Peer-Forum<!-- [et_pb_line_break_holder] -->    <\/div>\n<p><!-- [et_pb_line_break_holder] -->  <\/div>\n<p><!-- [et_pb_line_break_holder] --><!-- [et_pb_line_break_holder] -->  <\/p>\n<div style=\"background:#fff;border:1px solid #A3A7E4;border-top:none;border-radius:0 0 6px 6px;padding:14px 40px;display:flex;align-items:center;justify-content:space-between;flex-wrap:wrap;gap:12px;\"><!-- [et_pb_line_break_holder] -->    <span style=\"font-size:12px;color:#555;\">Interessiert, aber du m\u00f6chtest zuerst dar\u00fcber sprechen?<\/span><!-- [et_pb_line_break_holder] -->    <a href=\"https:\/\/eozurich.ch\/contact\/\" style=\"font-size:12px;color:#3D46F2;font-weight:600;text-decoration:none;border-bottom:1px solid #3D46F2;\">Kontaktiere uns hier \u2192<\/a><!-- [et_pb_line_break_holder] -->  <\/div>\n<p><!-- [et_pb_line_break_holder] --><!-- [et_pb_line_break_holder] --><\/div>\n<p><!-- [et_pb_line_break_holder] -->[\/et_pb_code][et_pb_code _builder_version=&#8220;4.27.5&#8243; _module_preset=&#8220;default&#8220; global_colors_info=&#8220;{}&#8220;]<script charset=\"utf-8\" type=\"text\/javascript\" src=\"\/\/js.hsforms.net\/forms\/embed\/v2.js\"><\/script><!-- [et_pb_line_break_holder] --><script><!-- [et_pb_line_break_holder] -->  hbspt.forms.create({<!-- [et_pb_line_break_holder] -->    portalId: \"4674216\",<!-- [et_pb_line_break_holder] -->    formId: \"be05cf32-cf0f-46e8-89e5-5e0591679ac1\",<!-- [et_pb_line_break_holder] -->    region: \"na1\"<!-- [et_pb_line_break_holder] -->  });<!-- [et_pb_line_break_holder] --><\/script>[\/et_pb_code][et_pb_code _builder_version=&#8220;4.27.5&#8243; _module_preset=&#8220;default&#8220; global_colors_info=&#8220;{}&#8220;]<link href=\"https:\/\/fonts.googleapis.com\/css2?family=Roboto:wght@300;400;600;700&#038;display=swap\" rel=\"stylesheet\"><!-- [et_pb_line_break_holder] --><!-- [et_pb_line_break_holder] --><\/p>\n<div style=\"max-width:680px;margin:0 auto;font-family:'Roboto',sans-serif;\"><!-- [et_pb_line_break_holder] --><!-- [et_pb_line_break_holder] -->  <\/p>\n<div style=\"background:#3D46F2;padding:24px 32px;border-radius:6px 6px 0 0;\"><!-- [et_pb_line_break_holder] -->    <\/p>\n<div style=\"font-size:11px;color:rgba(255,255,255,0.6);letter-spacing:3px;text-transform:uppercase;margin-bottom:6px;\">EO Z\u00fcrich<\/div>\n<p><!-- [et_pb_line_break_holder] -->    <\/p>\n<div style=\"font-size:22px;font-weight:700;color:#fff;\">Mitgliederbeitrag<\/div>\n<p><!-- [et_pb_line_break_holder] -->  <\/div>\n<p><!-- [et_pb_line_break_holder] --><!-- [et_pb_line_break_holder] -->  <\/p>\n<div style=\"display:grid;grid-template-columns:1fr 1fr;gap:0;border-left:1px solid #ACE2D4;border-right:1px solid #ACE2D4;\"><!-- [et_pb_line_break_holder] --><!-- [et_pb_line_break_holder] -->    <\/p>\n<div style=\"background:#fff;padding:24px 28px;border-bottom:1px solid #ACE2D4;border-right:1px solid #ACE2D4;\"><!-- [et_pb_line_break_holder] -->      <\/p>\n<div style=\"font-size:10px;font-weight:600;color:#3D46F2;letter-spacing:2px;text-transform:uppercase;margin-bottom:8px;\">J\u00e4hrlicher Mitgliedsbeitrag<\/div>\n<p><!-- [et_pb_line_break_holder] -->      <\/p>\n<div style=\"font-size:28px;font-weight:700;color:#3D46F2;margin-bottom:4px;\">CHF 3&#8217;960<\/div>\n<p><!-- [et_pb_line_break_holder] -->      <\/p>\n<div style=\"font-size:11px;color:#888;margin-bottom:16px;\">pro Jahr<\/div>\n<p><!-- [et_pb_line_break_holder] -->      <\/p>\n<div style=\"display:flex;align-items:flex-start;gap:8px;margin-bottom:8px;\"><!-- [et_pb_line_break_holder] -->        <\/p>\n<div style=\"min-width:6px;height:6px;background:#1EA691;border-radius:50%;margin-top:5px;\"><\/div>\n<p><!-- [et_pb_line_break_holder] -->        <span style=\"font-size:12px;color:#444;\">CHF 1&#8217;600 lokaler Beitrag an EO Z\u00fcrich<\/span><!-- [et_pb_line_break_holder] -->      <\/div>\n<p><!-- [et_pb_line_break_holder] -->      <\/p>\n<div style=\"display:flex;align-items:flex-start;gap:8px;\"><!-- [et_pb_line_break_holder] -->        <\/p>\n<div style=\"min-width:6px;height:6px;background:#1EA691;border-radius:50%;margin-top:5px;\"><\/div>\n<p><!-- [et_pb_line_break_holder] -->        <span style=\"font-size:12px;color:#444;\">CHF 2&#8217;360 Beitrag an EO Global <span style=\"color:#888;\">(USD 2&#8217;630 \u2014 variiert j\u00e4hrlich)<\/span><\/span><!-- [et_pb_line_break_holder] -->      <\/div>\n<p><!-- [et_pb_line_break_holder] -->    <\/div>\n<p><!-- [et_pb_line_break_holder] --><!-- [et_pb_line_break_holder] -->    <\/p>\n<div style=\"background:#ACE2D4;padding:24px 28px;border-bottom:1px solid #ACE2D4;\"><!-- [et_pb_line_break_holder] -->      <\/p>\n<div style=\"font-size:10px;font-weight:600;color:#216854;letter-spacing:2px;text-transform:uppercase;margin-bottom:8px;\">Einmalige Aufnahmegeb\u00fchr<\/div>\n<p><!-- [et_pb_line_break_holder] -->      <\/p>\n<div style=\"font-size:28px;font-weight:700;color:#216854;margin-bottom:4px;\">CHF 4&#8217;350<\/div>\n<p><!-- [et_pb_line_break_holder] -->      <\/p>\n<div style=\"font-size:11px;color:#216854;opacity:0.7;margin-bottom:16px;\">einmalig bei Eintritt<\/div>\n<p><!-- [et_pb_line_break_holder] -->      <\/p>\n<div style=\"display:flex;align-items:flex-start;gap:8px;margin-bottom:8px;\"><!-- [et_pb_line_break_holder] -->        <\/p>\n<div style=\"min-width:6px;height:6px;background:#216854;border-radius:50%;margin-top:5px;\"><\/div>\n<p><!-- [et_pb_line_break_holder] -->        <span style=\"font-size:12px;color:#216854;\">CHF 1&#8217;000 lokaler Aufnahmebeitrag an EO Z\u00fcrich<\/span><!-- [et_pb_line_break_holder] -->      <\/div>\n<p><!-- [et_pb_line_break_holder] -->      <\/p>\n<div style=\"display:flex;align-items:flex-start;gap:8px;margin-bottom:8px;\"><!-- [et_pb_line_break_holder] -->        <\/p>\n<div style=\"min-width:6px;height:6px;background:#216854;border-radius:50%;margin-top:5px;\"><\/div>\n<p><!-- [et_pb_line_break_holder] -->        <span style=\"font-size:12px;color:#216854;\">CHF 3&#8217;350 Aufnahmebeitrag an EO Global <span style=\"opacity:0.7;\">(USD 3&#8217;500)<\/span><\/span><!-- [et_pb_line_break_holder] -->      <\/div>\n<p><!-- [et_pb_line_break_holder] -->      <\/p>\n<div style=\"background:#fff;border-left:3px solid #1EA691;padding:8px 10px;border-radius:0 4px 4px 0;font-size:11px;color:#216854;\"><!-- [et_pb_line_break_holder] -->        Beinhaltet Eintritt, Forum-Training und globalen EO-Eventgutschein im Wert von <strong>USD 1&#8217;000<\/strong><!-- [et_pb_line_break_holder] -->      <\/div>\n<p><!-- [et_pb_line_break_holder] -->    <\/div>\n<p><!-- [et_pb_line_break_holder] --><!-- [et_pb_line_break_holder] -->  <\/div>\n<p><!-- [et_pb_line_break_holder] --><!-- [et_pb_line_break_holder] -->  <\/p>\n<div style=\"background:#fff;border:1px solid #ACE2D4;border-top:none;padding:24px 28px;border-radius:0 0 6px 6px;\"><!-- [et_pb_line_break_holder] -->    <\/p>\n<div style=\"font-size:11px;font-weight:700;color:#1EA691;letter-spacing:2px;text-transform:uppercase;margin-bottom:16px;\">Bemerkungen<\/div>\n<p><!-- [et_pb_line_break_holder] --><!-- [et_pb_line_break_holder] -->    <\/p>\n<div style=\"display:flex;gap:12px;align-items:flex-start;margin-bottom:14px;\"><!-- [et_pb_line_break_holder] -->      <\/p>\n<div style=\"min-width:28px;height:28px;background:#ACE2D4;border-radius:50%;display:flex;align-items:center;justify-content:center;font-size:12px;font-weight:700;color:#216854;\">1<\/div>\n<p><!-- [et_pb_line_break_holder] -->      <\/p>\n<div style=\"font-size:12px;color:#444;line-height:1.6;\">Das Gesch\u00e4ftsjahr l\u00e4uft vom <strong>1. Juli bis 30. Juni<\/strong>. Jahresbeitr\u00e4ge werden pro rata berechnet. Bei Beitritt per 1. Oktober betr\u00e4gt der Jahresbeitrag im ersten Jahr nur 3\/4. Ausnahme: Bei Beitritt per 1. April werden das letzte Quartal und das gesamte Folgejahr gemeinsam in Rechnung gestellt (5\/4).<\/div>\n<p><!-- [et_pb_line_break_holder] -->    <\/div>\n<p><!-- [et_pb_line_break_holder] --><!-- [et_pb_line_break_holder] -->    <\/p>\n<div style=\"display:flex;gap:12px;align-items:flex-start;margin-bottom:14px;\"><!-- [et_pb_line_break_holder] -->      <\/p>\n<div style=\"min-width:28px;height:28px;background:#ACE2D4;border-radius:50%;display:flex;align-items:center;justify-content:center;font-size:12px;font-weight:700;color:#216854;\">2<\/div>\n<p><!-- [et_pb_line_break_holder] -->      <\/p>\n<div style=\"font-size:12px;color:#444;line-height:1.6;\">Die <strong>Forumsplatzierung<\/strong> erfolgt innerhalb des ersten Quartals nach Beitritt und kann bis zu 3 Monate dauern. Das Forum-Training sollte idealerweise vor der Platzierung abgeschlossen sein.<\/div>\n<p><!-- [et_pb_line_break_holder] -->    <\/div>\n<p><!-- [et_pb_line_break_holder] --><!-- [et_pb_line_break_holder] -->    <\/p>\n<div style=\"display:flex;gap:12px;align-items:flex-start;margin-bottom:14px;\"><!-- [et_pb_line_break_holder] -->      <\/p>\n<div style=\"min-width:28px;height:28px;background:#ACE2D4;border-radius:50%;display:flex;align-items:center;justify-content:center;font-size:12px;font-weight:700;color:#216854;\">3<\/div>\n<p><!-- [et_pb_line_break_holder] -->      <\/p>\n<div style=\"font-size:12px;color:#444;line-height:1.6;\">Das Mitglied verpflichtet sich gem\u00e4ss der Satzung, am Forum teilzunehmen. Foren beginnen am fr\u00fchen Abend und k\u00f6nnen nicht individuell angepasst werden.<\/div>\n<p><!-- [et_pb_line_break_holder] -->    <\/div>\n<p><!-- [et_pb_line_break_holder] --><!-- [et_pb_line_break_holder] -->    <\/p>\n<div style=\"display:flex;gap:12px;align-items:flex-start;\"><!-- [et_pb_line_break_holder] -->      <\/p>\n<div style=\"min-width:28px;height:28px;background:#FFB5A4;border-radius:50%;display:flex;align-items:center;justify-content:center;font-size:12px;font-weight:700;color:#C94C3F;\">!<\/div>\n<p><!-- [et_pb_line_break_holder] -->      <\/p>\n<div style=\"font-size:12px;color:#444;line-height:1.6;\">Wird der Mitgliedsantrag nach Genehmigung durch den Vorstand zur\u00fcckgezogen, wird eine <strong>Administrationsgeb\u00fchr von CHF 1&#8217;500<\/strong> in Rechnung gestellt. Ein Austritt ist auf Ende des Vereinsjahrs m\u00f6glich. Im ersten Jahr sind Aufnahmegeb\u00fchr und Jahresbeitrag weiterhin geschuldet.<\/div>\n<p><!-- [et_pb_line_break_holder] -->    <\/div>\n<p><!-- [et_pb_line_break_holder] --><!-- [et_pb_line_break_holder] -->  <\/div>\n<p><!-- [et_pb_line_break_holder] --><!-- [et_pb_line_break_holder] --><\/div>\n<p><!-- [et_pb_line_break_holder] -->[\/et_pb_code][\/et_pb_column][\/et_pb_row][\/et_pb_section]<\/p>\n","protected":false},"excerpt":{"rendered":"<p>EO Z\u00fcrich Mitgliederantrag. Exklusiv f\u00fcr Unternehmer:innen mit einem Jahresumsatz ab CHF 1 Million. Jetzt bewerben und Teil des weltgr\u00f6ssten Unternehmernetzwerks werden.<\/p>","protected":false},"author":1,"featured_media":0,"parent":0,"menu_order":0,"comment_status":"closed","ping_status":"closed","template":"","meta":{"_et_pb_use_builder":"on","_et_pb_old_content":"","_et_gb_content_width":"","content-type":"","footnotes":""},"class_list":["post-4031","page","type-page","status-publish","hentry"],"aioseo_notices":[],"yoast_head":"<!-- This site is optimized with the Yoast SEO plugin v27.5 - https:\/\/yoast.com\/product\/yoast-seo-wordpress\/ -->\n<title>Mitgliederantrag | EO Z\u00fcrich<\/title>\n<meta name=\"description\" content=\"EO Z\u00fcrich Mitgliederantr. Exklusiv f\u00fcr Unternehmer:innen mit einem Jahresumsatz ab CHF 1 Million. Jetzt bewerben und Teil des weltgr\u00f6ssten Unternehmernetzwerks werden.\" \/>\n<meta name=\"robots\" content=\"index, follow, max-snippet:-1, max-image-preview:large, max-video-preview:-1\" \/>\n<link rel=\"canonical\" href=\"https:\/\/eozurich.ch\/en\/join\/\" \/>\n<meta property=\"og:locale\" content=\"en_US\" \/>\n<meta property=\"og:type\" content=\"article\" \/>\n<meta property=\"og:title\" content=\"Mitgliederantrag | EO Z\u00fcrich\" \/>\n<meta property=\"og:description\" content=\"EO Z\u00fcrich Mitgliederantr. Exklusiv f\u00fcr Unternehmer:innen mit einem Jahresumsatz ab CHF 1 Million. Jetzt bewerben und Teil des weltgr\u00f6ssten Unternehmernetzwerks werden.\" \/>\n<meta property=\"og:url\" content=\"https:\/\/eozurich.ch\/en\/join\/\" \/>\n<meta property=\"og:site_name\" content=\"EO Z\u00fcrich\" \/>\n<meta property=\"article:modified_time\" content=\"2026-03-16T16:59:40+00:00\" \/>\n<meta property=\"og:image\" content=\"https:\/\/eozurich.ch\/wp-content\/uploads\/2025\/01\/261101979_2136181803214764_7161112726603670394_n.jpg\" \/>\n\t<meta property=\"og:image:width\" content=\"937\" \/>\n\t<meta property=\"og:image:height\" content=\"937\" \/>\n\t<meta property=\"og:image:type\" content=\"image\/jpeg\" \/>\n<meta name=\"twitter:card\" content=\"summary_large_image\" \/>\n<meta name=\"twitter:label1\" content=\"Est. reading time\" \/>\n\t<meta name=\"twitter:data1\" content=\"2 minutes\" \/>\n<script type=\"application\/ld+json\" class=\"yoast-schema-graph\">{\"@context\":\"https:\\\/\\\/schema.org\",\"@graph\":[{\"@type\":\"WebPage\",\"@id\":\"https:\\\/\\\/eozurich.ch\\\/join\\\/\",\"url\":\"https:\\\/\\\/eozurich.ch\\\/join\\\/\",\"name\":\"Mitgliederantrag | EO Z\u00fcrich\",\"isPartOf\":{\"@id\":\"https:\\\/\\\/eozurich.ch\\\/#website\"},\"datePublished\":\"2026-03-15T21:47:12+00:00\",\"dateModified\":\"2026-03-16T16:59:40+00:00\",\"description\":\"EO Z\u00fcrich Mitgliederantr. Exklusiv f\u00fcr Unternehmer:innen mit einem Jahresumsatz ab CHF 1 Million. Jetzt bewerben und Teil des weltgr\u00f6ssten Unternehmernetzwerks werden.\",\"breadcrumb\":{\"@id\":\"https:\\\/\\\/eozurich.ch\\\/join\\\/#breadcrumb\"},\"inLanguage\":\"en-US\",\"potentialAction\":[{\"@type\":\"ReadAction\",\"target\":[\"https:\\\/\\\/eozurich.ch\\\/join\\\/\"]}]},{\"@type\":\"BreadcrumbList\",\"@id\":\"https:\\\/\\\/eozurich.ch\\\/join\\\/#breadcrumb\",\"itemListElement\":[{\"@type\":\"ListItem\",\"position\":1,\"name\":\"Home\",\"item\":\"https:\\\/\\\/eozurich.ch\\\/\"},{\"@type\":\"ListItem\",\"position\":2,\"name\":\"Mitgliederantrag\"}]},{\"@type\":\"WebSite\",\"@id\":\"https:\\\/\\\/eozurich.ch\\\/#website\",\"url\":\"https:\\\/\\\/eozurich.ch\\\/\",\"name\":\"EO Zurich\",\"description\":\"Entrepreneurs Organization Z\u00fcrich Switzerland\",\"publisher\":{\"@id\":\"https:\\\/\\\/eozurich.ch\\\/#organization\"},\"alternateName\":\"Entrepreneurs Organization Zurich\",\"potentialAction\":[{\"@type\":\"SearchAction\",\"target\":{\"@type\":\"EntryPoint\",\"urlTemplate\":\"https:\\\/\\\/eozurich.ch\\\/?s={search_term_string}\"},\"query-input\":{\"@type\":\"PropertyValueSpecification\",\"valueRequired\":true,\"valueName\":\"search_term_string\"}}],\"inLanguage\":\"en-US\"},{\"@type\":\"Organization\",\"@id\":\"https:\\\/\\\/eozurich.ch\\\/#organization\",\"name\":\"EO Zurich\",\"url\":\"https:\\\/\\\/eozurich.ch\\\/\",\"logo\":{\"@type\":\"ImageObject\",\"inLanguage\":\"en-US\",\"@id\":\"https:\\\/\\\/eozurich.ch\\\/#\\\/schema\\\/logo\\\/image\\\/\",\"url\":\"https:\\\/\\\/eozurich.ch\\\/wp-content\\\/uploads\\\/2025\\\/01\\\/261101979_2136181803214764_7161112726603670394_n.jpg\",\"contentUrl\":\"https:\\\/\\\/eozurich.ch\\\/wp-content\\\/uploads\\\/2025\\\/01\\\/261101979_2136181803214764_7161112726603670394_n.jpg\",\"width\":937,\"height\":937,\"caption\":\"EO Zurich\"},\"image\":{\"@id\":\"https:\\\/\\\/eozurich.ch\\\/#\\\/schema\\\/logo\\\/image\\\/\"},\"sameAs\":[\"https:\\\/\\\/www.linkedin.com\\\/company\\\/eo-zurich\\\/\"]}]}<\/script>\n<!-- \/ Yoast SEO plugin. -->","yoast_head_json":{"title":"Mitgliederantrag | EO Z\u00fcrich","description":"EO Z\u00fcrich Mitgliederantr. Exklusiv f\u00fcr Unternehmer:innen mit einem Jahresumsatz ab CHF 1 Million. Jetzt bewerben und Teil des weltgr\u00f6ssten Unternehmernetzwerks werden.","robots":{"index":"index","follow":"follow","max-snippet":"max-snippet:-1","max-image-preview":"max-image-preview:large","max-video-preview":"max-video-preview:-1"},"canonical":"https:\/\/eozurich.ch\/en\/join\/","og_locale":"en_US","og_type":"article","og_title":"Mitgliederantrag | EO Z\u00fcrich","og_description":"EO Z\u00fcrich Mitgliederantr. Exklusiv f\u00fcr Unternehmer:innen mit einem Jahresumsatz ab CHF 1 Million. Jetzt bewerben und Teil des weltgr\u00f6ssten Unternehmernetzwerks werden.","og_url":"https:\/\/eozurich.ch\/en\/join\/","og_site_name":"EO Z\u00fcrich","article_modified_time":"2026-03-16T16:59:40+00:00","og_image":[{"width":937,"height":937,"url":"https:\/\/eozurich.ch\/wp-content\/uploads\/2025\/01\/261101979_2136181803214764_7161112726603670394_n.jpg","type":"image\/jpeg"}],"twitter_card":"summary_large_image","twitter_misc":{"Est. reading time":"2 minutes"},"schema":{"@context":"https:\/\/schema.org","@graph":[{"@type":"WebPage","@id":"https:\/\/eozurich.ch\/join\/","url":"https:\/\/eozurich.ch\/join\/","name":"Mitgliederantrag | EO Z\u00fcrich","isPartOf":{"@id":"https:\/\/eozurich.ch\/#website"},"datePublished":"2026-03-15T21:47:12+00:00","dateModified":"2026-03-16T16:59:40+00:00","description":"EO Z\u00fcrich Mitgliederantr. Exklusiv f\u00fcr Unternehmer:innen mit einem Jahresumsatz ab CHF 1 Million. Jetzt bewerben und Teil des weltgr\u00f6ssten Unternehmernetzwerks werden.","breadcrumb":{"@id":"https:\/\/eozurich.ch\/join\/#breadcrumb"},"inLanguage":"en-US","potentialAction":[{"@type":"ReadAction","target":["https:\/\/eozurich.ch\/join\/"]}]},{"@type":"BreadcrumbList","@id":"https:\/\/eozurich.ch\/join\/#breadcrumb","itemListElement":[{"@type":"ListItem","position":1,"name":"Home","item":"https:\/\/eozurich.ch\/"},{"@type":"ListItem","position":2,"name":"Mitgliederantrag"}]},{"@type":"WebSite","@id":"https:\/\/eozurich.ch\/#website","url":"https:\/\/eozurich.ch\/","name":"EO Zurich","description":"Entrepreneurs Organization Z\u00fcrich Switzerland","publisher":{"@id":"https:\/\/eozurich.ch\/#organization"},"alternateName":"Entrepreneurs Organization Zurich","potentialAction":[{"@type":"SearchAction","target":{"@type":"EntryPoint","urlTemplate":"https:\/\/eozurich.ch\/?s={search_term_string}"},"query-input":{"@type":"PropertyValueSpecification","valueRequired":true,"valueName":"search_term_string"}}],"inLanguage":"en-US"},{"@type":"Organization","@id":"https:\/\/eozurich.ch\/#organization","name":"EO Zurich","url":"https:\/\/eozurich.ch\/","logo":{"@type":"ImageObject","inLanguage":"en-US","@id":"https:\/\/eozurich.ch\/#\/schema\/logo\/image\/","url":"https:\/\/eozurich.ch\/wp-content\/uploads\/2025\/01\/261101979_2136181803214764_7161112726603670394_n.jpg","contentUrl":"https:\/\/eozurich.ch\/wp-content\/uploads\/2025\/01\/261101979_2136181803214764_7161112726603670394_n.jpg","width":937,"height":937,"caption":"EO Zurich"},"image":{"@id":"https:\/\/eozurich.ch\/#\/schema\/logo\/image\/"},"sameAs":["https:\/\/www.linkedin.com\/company\/eo-zurich\/"]}]}},"_links":{"self":[{"href":"https:\/\/eozurich.ch\/en\/wp-json\/wp\/v2\/pages\/4031","targetHints":{"allow":["GET"]}}],"collection":[{"href":"https:\/\/eozurich.ch\/en\/wp-json\/wp\/v2\/pages"}],"about":[{"href":"https:\/\/eozurich.ch\/en\/wp-json\/wp\/v2\/types\/page"}],"author":[{"embeddable":true,"href":"https:\/\/eozurich.ch\/en\/wp-json\/wp\/v2\/users\/1"}],"replies":[{"embeddable":true,"href":"https:\/\/eozurich.ch\/en\/wp-json\/wp\/v2\/comments?post=4031"}],"version-history":[{"count":20,"href":"https:\/\/eozurich.ch\/en\/wp-json\/wp\/v2\/pages\/4031\/revisions"}],"predecessor-version":[{"id":4085,"href":"https:\/\/eozurich.ch\/en\/wp-json\/wp\/v2\/pages\/4031\/revisions\/4085"}],"wp:attachment":[{"href":"https:\/\/eozurich.ch\/en\/wp-json\/wp\/v2\/media?parent=4031"}],"curies":[{"name":"wp","href":"https:\/\/api.w.org\/{rel}","templated":true}]}}